{"id":993,"date":"2021-06-08T18:37:39","date_gmt":"2021-06-08T17:37:39","guid":{"rendered":"https:\/\/wpzoomer.com\/thai_sabai\/?page_id=993"},"modified":"2022-06-29T14:55:21","modified_gmt":"2022-06-29T13:55:21","slug":"menu-2","status":"publish","type":"page","link":"https:\/\/wpzoomer.com\/thai_sabai\/menu-2\/","title":{"rendered":"MENU 2"},"content":{"rendered":"\t\t<div data-elementor-type=\"wp-post\" data-elementor-id=\"993\" class=\"elementor elementor-993\" data-elementor-settings=\"[]\">\n\t\t\t\t\t\t<div class=\"elementor-inner\">\n\t\t\t\t\t\t\t<div class=\"elementor-section-wrap\">\n\t\t\t\t\t\t\t<section class=\"elementor-section elementor-top-section elementor-element elementor-element-528b9a1 elementor-section-boxed elementor-section-height-default elementor-section-height-default\" data-id=\"528b9a1\" data-element_type=\"section\" data-settings=\"{&quot;background_background&quot;:&quot;classic&quot;}\">\n\t\t\t\t\t\t\t<div class=\"elementor-background-overlay\"><\/div>\n\t\t\t\t\t\t\t<div class=\"elementor-container elementor-column-gap-no\">\n\t\t\t\t\t\t\t<div class=\"elementor-row\">\n\t\t\t\t\t<div class=\"aux-parallax-section elementor-column elementor-col-50 elementor-top-column elementor-element elementor-element-49f9b4b\" data-id=\"49f9b4b\" data-element_type=\"column\">\n\t\t\t<div class=\"elementor-column-wrap elementor-element-populated\">\n\t\t\t\t\t\t\t<div class=\"elementor-widget-wrap\">\n\t\t\t\t\t\t<div class=\"elementor-element elementor-element-11fedc1 aux-appear-watch-animation aux-fade-in-right elementor-widget elementor-widget-aux_modern_heading\" data-id=\"11fedc1\" data-element_type=\"widget\" data-widget_type=\"aux_modern_heading.default\">\n\t\t\t\t<div class=\"elementor-widget-container\">\n\t\t\t<section class=\"aux-widget-modern-heading\">\n            <div class=\"aux-widget-inner\"><div class=\"aux-modern-heading-divider\"><\/div><h2 class=\"aux-modern-heading-primary\">MENU\n<\/h2><\/div>\n        <\/section>\t\t<\/div>\n\t\t\t\t<\/div>\n\t\t\t\t\t\t<\/div>\n\t\t\t\t\t<\/div>\n\t\t<\/div>\n\t\t\t\t<div class=\"aux-parallax-section elementor-column elementor-col-50 elementor-top-column elementor-element elementor-element-336f9cd\" data-id=\"336f9cd\" data-element_type=\"column\">\n\t\t\t<div class=\"elementor-column-wrap\">\n\t\t\t\t\t\t\t<div class=\"elementor-widget-wrap\">\n\t\t\t\t\t\t\t\t<\/div>\n\t\t\t\t\t<\/div>\n\t\t<\/div>\n\t\t\t\t\t\t\t\t<\/div>\n\t\t\t\t\t<\/div>\n\t\t<\/section>\n\t\t\t\t<section class=\"elementor-section elementor-top-section elementor-element elementor-element-54476c1 elementor-section-boxed elementor-section-height-default elementor-section-height-default\" data-id=\"54476c1\" data-element_type=\"section\">\n\t\t\t\t\t\t<div class=\"elementor-container elementor-column-gap-no\">\n\t\t\t\t\t\t\t<div class=\"elementor-row\">\n\t\t\t\t\t<div class=\"aux-parallax-section elementor-column elementor-col-100 elementor-top-column elementor-element elementor-element-8721ab7\" data-id=\"8721ab7\" data-element_type=\"column\">\n\t\t\t<div class=\"elementor-column-wrap elementor-element-populated\">\n\t\t\t\t\t\t\t<div class=\"elementor-widget-wrap\">\n\t\t\t\t\t\t<div class=\"elementor-element elementor-element-4140e12 aux-appear-watch-animation aux-fade-in-up elementor-widget elementor-widget-aux_modern_heading\" data-id=\"4140e12\" data-element_type=\"widget\" data-widget_type=\"aux_modern_heading.default\">\n\t\t\t\t<div class=\"elementor-widget-container\">\n\t\t\t<section class=\"aux-widget-modern-heading\">\n            <div class=\"aux-widget-inner\"><h2 class=\"aux-modern-heading-primary\">Carte Menu <\/h2><h3 class=\"aux-modern-heading-secondary\"><span class=\"aux-head-before\">SELECTION DU CHEF<\/span><\/h3><div class=\"aux-modern-heading-description\"><p>Nos plats authentiques sont pr\u00e9par\u00e9s sur place avec les ingr\u00e9dient les plus frais. \u00c0 vous de savourer!<\/p><\/div><\/div>\n        <\/section>\t\t<\/div>\n\t\t\t\t<\/div>\n\t\t\t\t<div class=\"elementor-element elementor-element-e671095 elementor-align-center elementor-mobile-align-center aux-appear-watch-animation aux-fade-in-up elementor-widget elementor-widget-button\" data-id=\"e671095\" data-element_type=\"widget\" data-widget_type=\"button.default\">\n\t\t\t\t<div class=\"elementor-widget-container\">\n\t\t\t\t\t<div class=\"elementor-button-wrapper\">\n\t\t\t<a href=\"https:\/\/wpzoomer.com\/thai_sabai\/wp-content\/uploads\/2022\/06\/Menu-Thai-Sabai.pdf\" target=\"_blank\" class=\"elementor-button-link elementor-button elementor-size-sm\" role=\"button\">\n\t\t\t\t\t\t<span class=\"elementor-button-content-wrapper\">\n\t\t\t\t\t\t<span class=\"elementor-button-text\">T\u00e9l\u00e9charger Menu<\/span>\n\t\t<\/span>\n\t\t\t\t\t<\/a>\n\t\t<\/div>\n\t\t\t\t<\/div>\n\t\t\t\t<\/div>\n\t\t\t\t\t\t<\/div>\n\t\t\t\t\t<\/div>\n\t\t<\/div>\n\t\t\t\t\t\t\t\t<\/div>\n\t\t\t\t\t<\/div>\n\t\t<\/section>\n\t\t\t\t<section class=\"elementor-section elementor-top-section elementor-element elementor-element-33d6400 elementor-section-boxed elementor-section-height-default elementor-section-height-default\" data-id=\"33d6400\" data-element_type=\"section\">\n\t\t\t\t\t\t<div class=\"elementor-container elementor-column-gap-default\">\n\t\t\t\t\t\t\t<div class=\"elementor-row\">\n\t\t\t\t\t<div class=\"aux-parallax-section elementor-column elementor-col-100 elementor-top-column elementor-element elementor-element-3811146\" data-id=\"3811146\" data-element_type=\"column\">\n\t\t\t<div class=\"elementor-column-wrap elementor-element-populated\">\n\t\t\t\t\t\t\t<div class=\"elementor-widget-wrap\">\n\t\t\t\t\t\t<div class=\"elementor-element elementor-element-2898c24 elementor-widget elementor-widget-image\" data-id=\"2898c24\" data-element_type=\"widget\" data-widget_type=\"image.default\">\n\t\t\t\t<div class=\"elementor-widget-container\">\n\t\t\t\t\t\t\t\t<div class=\"elementor-image\">\n\t\t\t\t\t\t\t\t\t\t\t\t<img width=\"2424\" height=\"1719\" src=\"https:\/\/wpzoomer.com\/thai_sabai\/wp-content\/uploads\/2022\/06\/Menu-Thai-Sabai-food-.jpg\" class=\"attachment-full size-full\" alt=\"\" loading=\"lazy\" srcset=\"https:\/\/wpzoomer.com\/thai_sabai\/wp-content\/uploads\/2022\/06\/Menu-Thai-Sabai-food-.jpg 2424w, https:\/\/wpzoomer.com\/thai_sabai\/wp-content\/uploads\/2022\/06\/Menu-Thai-Sabai-food--1536x1089.jpg 1536w, https:\/\/wpzoomer.com\/thai_sabai\/wp-content\/uploads\/2022\/06\/Menu-Thai-Sabai-food--2048x1452.jpg 2048w\" sizes=\"(max-width: 2424px) 100vw, 2424px\" \/>\t\t\t\t\t\t\t\t\t\t\t\t\t\t<\/div>\n\t\t\t\t\t\t<\/div>\n\t\t\t\t<\/div>\n\t\t\t\t\t\t<\/div>\n\t\t\t\t\t<\/div>\n\t\t<\/div>\n\t\t\t\t\t\t\t\t<\/div>\n\t\t\t\t\t<\/div>\n\t\t<\/section>\n\t\t\t\t<section class=\"elementor-section elementor-top-section elementor-element elementor-element-9309c25 elementor-section-full_width elementor-section-height-default elementor-section-height-default\" data-id=\"9309c25\" data-element_type=\"section\">\n\t\t\t\t\t\t<div class=\"elementor-container elementor-column-gap-default\">\n\t\t\t\t\t\t\t<div class=\"elementor-row\">\n\t\t\t\t\t<div class=\"aux-parallax-section elementor-column elementor-col-100 elementor-top-column elementor-element elementor-element-163db9d\" data-id=\"163db9d\" data-element_type=\"column\">\n\t\t\t<div class=\"elementor-column-wrap elementor-element-populated\">\n\t\t\t\t\t\t\t<div class=\"elementor-widget-wrap\">\n\t\t\t\t\t\t<div class=\"elementor-element elementor-element-f2c458e elementor-widget elementor-widget-image\" data-id=\"f2c458e\" data-element_type=\"widget\" data-widget_type=\"image.default\">\n\t\t\t\t<div class=\"elementor-widget-container\">\n\t\t\t\t\t\t\t\t<div class=\"elementor-image\">\n\t\t\t\t\t\t\t\t\t\t\t\t<img width=\"2388\" height=\"1692\" src=\"https:\/\/wpzoomer.com\/thai_sabai\/wp-content\/uploads\/2022\/06\/Menu-Thai-Sabai-drink.jpg\" class=\"attachment-full size-full\" alt=\"\" loading=\"lazy\" srcset=\"https:\/\/wpzoomer.com\/thai_sabai\/wp-content\/uploads\/2022\/06\/Menu-Thai-Sabai-drink.jpg 2388w, https:\/\/wpzoomer.com\/thai_sabai\/wp-content\/uploads\/2022\/06\/Menu-Thai-Sabai-drink-1536x1088.jpg 1536w, https:\/\/wpzoomer.com\/thai_sabai\/wp-content\/uploads\/2022\/06\/Menu-Thai-Sabai-drink-2048x1451.jpg 2048w\" sizes=\"(max-width: 2388px) 100vw, 2388px\" \/>\t\t\t\t\t\t\t\t\t\t\t\t\t\t<\/div>\n\t\t\t\t\t\t<\/div>\n\t\t\t\t<\/div>\n\t\t\t\t\t\t<\/div>\n\t\t\t\t\t<\/div>\n\t\t<\/div>\n\t\t\t\t\t\t\t\t<\/div>\n\t\t\t\t\t<\/div>\n\t\t<\/section>\n\t\t\t\t\t\t<\/div>\n\t\t\t\t\t\t<\/div>\n\t\t\t\t\t<\/div>\n\t\t","protected":false},"excerpt":{"rendered":"<p>MENU Carte Menu SELECTION DU CHEF Nos plats authentiques sont pr\u00e9par\u00e9s sur place avec les ingr\u00e9dient les plus frais. \u00c0 vous de savourer! T\u00e9l\u00e9charger Menu<\/p>\n","protected":false},"author":1,"featured_media":0,"parent":0,"menu_order":0,"comment_status":"closed","ping_status":"closed","template":"templates\/page-builder-content.php","meta":[],"_links":{"self":[{"href":"https:\/\/wpzoomer.com\/thai_sabai\/wp-json\/wp\/v2\/pages\/993"}],"collection":[{"href":"https:\/\/wpzoomer.com\/thai_sabai\/wp-json\/wp\/v2\/pages"}],"about":[{"href":"https:\/\/wpzoomer.com\/thai_sabai\/wp-json\/wp\/v2\/types\/page"}],"author":[{"embeddable":true,"href":"https:\/\/wpzoomer.com\/thai_sabai\/wp-json\/wp\/v2\/users\/1"}],"replies":[{"embeddable":true,"href":"https:\/\/wpzoomer.com\/thai_sabai\/wp-json\/wp\/v2\/comments?post=993"}],"version-history":[{"count":106,"href":"https:\/\/wpzoomer.com\/thai_sabai\/wp-json\/wp\/v2\/pages\/993\/revisions"}],"predecessor-version":[{"id":1628,"href":"https:\/\/wpzoomer.com\/thai_sabai\/wp-json\/wp\/v2\/pages\/993\/revisions\/1628"}],"wp:attachment":[{"href":"https:\/\/wpzoomer.com\/thai_sabai\/wp-json\/wp\/v2\/media?parent=993"}],"curies":[{"name":"wp","href":"https:\/\/api.w.org\/{rel}","templated":true}]}}