{"id":864,"date":"2021-06-02T01:54:54","date_gmt":"2021-06-02T00:54:54","guid":{"rendered":"https:\/\/wpzoomer.com\/thai_sabai\/?page_id=864"},"modified":"2021-06-02T03:29:04","modified_gmt":"2021-06-02T02:29:04","slug":"photos","status":"publish","type":"page","link":"https:\/\/wpzoomer.com\/thai_sabai\/photos\/","title":{"rendered":"Photos"},"content":{"rendered":"\t\t<div data-elementor-type=\"wp-page\" data-elementor-id=\"864\" class=\"elementor elementor-864\" data-elementor-settings=\"[]\">\n\t\t\t\t\t\t<div class=\"elementor-inner\">\n\t\t\t\t\t\t\t<div class=\"elementor-section-wrap\">\n\t\t\t\t\t\t\t<section class=\"elementor-section elementor-top-section elementor-element elementor-element-f332e2e elementor-section-height-min-height elementor-section-items-top elementor-section-boxed elementor-section-height-default\" data-id=\"f332e2e\" data-element_type=\"section\">\n\t\t\t\t\t\t<div class=\"elementor-container elementor-column-gap-custom\">\n\t\t\t\t\t\t\t<div class=\"elementor-row\">\n\t\t\t\t\t<div class=\"aux-parallax-section elementor-column elementor-col-100 elementor-top-column elementor-element elementor-element-d32fd64\" data-id=\"d32fd64\" data-element_type=\"column\">\n\t\t\t<div class=\"elementor-column-wrap elementor-element-populated\">\n\t\t\t\t\t\t\t<div class=\"elementor-widget-wrap\">\n\t\t\t\t\t\t<div class=\"elementor-element elementor-element-84ffa03 aux-appear-watch-animation aux-scale-down elementor-widget elementor-widget-aux_modern_heading\" data-id=\"84ffa03\" data-element_type=\"widget\" data-widget_type=\"aux_modern_heading.default\">\n\t\t\t\t<div class=\"elementor-widget-container\">\n\t\t\t<section class=\"aux-widget-modern-heading\">\n            <div class=\"aux-widget-inner\"><h2 class=\"aux-modern-heading-primary\">D\u00e9couvrez notre restaurant<\/h2><h3 class=\"aux-modern-heading-secondary\"><span class=\"aux-head-before\">THA\u00cfSABA\u00cf en Photos<\/span><\/h3><div class=\"aux-modern-heading-divider\"><\/div><\/div>\n        <\/section>\t\t<\/div>\n\t\t\t\t<\/div>\n\t\t\t\t\t\t<\/div>\n\t\t\t\t\t<\/div>\n\t\t<\/div>\n\t\t\t\t\t\t\t\t<\/div>\n\t\t\t\t\t<\/div>\n\t\t<\/section>\n\t\t\t\t<section class=\"elementor-section elementor-top-section elementor-element elementor-element-00ccf13 elementor-section-boxed elementor-section-height-default elementor-section-height-default\" data-id=\"00ccf13\" data-element_type=\"section\">\n\t\t\t\t\t\t<div class=\"elementor-container elementor-column-gap-default\">\n\t\t\t\t\t\t\t<div class=\"elementor-row\">\n\t\t\t\t\t<div class=\"aux-parallax-section elementor-column elementor-col-100 elementor-top-column elementor-element elementor-element-e5d4790\" data-id=\"e5d4790\" data-element_type=\"column\">\n\t\t\t<div class=\"elementor-column-wrap elementor-element-populated\">\n\t\t\t\t\t\t\t<div class=\"elementor-widget-wrap\">\n\t\t\t\t\t\t<div class=\"elementor-element elementor-element-794e538 elementor-widget elementor-widget-aux-gallery\" data-id=\"794e538\" data-element_type=\"widget\" data-widget_type=\"aux-gallery.default\">\n\t\t\t\t<div class=\"elementor-widget-container\">\n\t\t\t<section class=\"widget-container aux-widget-gallery aux-parent-aud37bbb16\" style=\"\" ><div id='aux-gallery-1' class='aux-gallery galleryid-864 gallery-columns-4 aux-lightbox-gallery'><div class=\"aux-gallery-container aux-isotope-animated aux-row aux-de-col4 aux-tb-col2 aux-mb-col1 elementor-clickable aux-no-gutter aux-layout-masonry\"  data-pagination=\"false\" data-lazyload=\"false\" data-perpage=\"\" data-layout=\"masonry\" data-space=\"10\" >    <figure class=\"gallery-item aux-hover-active aux-iso-item aux-col \">\n            <div class=\"aux-frame-mask-plain \">\n                <a href=\"https:\/\/wpzoomer.com\/thai_sabai\/wp-content\/uploads\/2021\/06\/tapioca-epice-au-lait-de-coco-et-coulis-de-mangue.640x480.jpg\" class=\"aux-frame-ratio-inner aux-frame-darken aux-lightbox-btn \" data-elementor-open-lightbox=\"no\" data-original-width=\"640\" data-original-height=\"480\" data-caption=\"tapioca-epice-au-lait-de-coco-et-coulis-de-mangue.640x480\">\n                                <div class=\"aux-hover-scale-circle-plus\">\n                        <span class=\"aux-symbol-plus\"><\/span>\n                        <span class=\"aux-symbol-circle\"><\/span>\n                    <\/div>\n                        <img src=\"https:\/\/wpzoomer.com\/thai_sabai\/wp-content\/uploads\/2021\/06\/tapioca-epice-au-lait-de-coco-et-coulis-de-mangue.640x480-300x300.jpg\" class=\"aux-attachment aux-featured-image attachment-300x300 aux-attachment-id-823 \" alt=\"tapioca-epice-au-lait-de-coco-et-coulis-de-mangue.640x480\" srcset=\"https:\/\/wpzoomer.com\/thai_sabai\/wp-content\/uploads\/2021\/06\/tapioca-epice-au-lait-de-coco-et-coulis-de-mangue.640x480-380x285.jpg 380w,https:\/\/wpzoomer.com\/thai_sabai\/wp-content\/uploads\/2021\/06\/tapioca-epice-au-lait-de-coco-et-coulis-de-mangue.640x480-300x300.jpg 300w,https:\/\/wpzoomer.com\/thai_sabai\/wp-content\/uploads\/2021\/06\/tapioca-epice-au-lait-de-coco-et-coulis-de-mangue.640x480-630x630.jpg 630w\" data-ratio=\"1\" data-original-w=\"640\" sizes=\"(max-width:767px) 100vw,(min-width:768px) and (max-width:1025px) 50vw,380px\" \/>                <\/a>\n            <\/div>\n                <\/figure>\n    <figure class=\"gallery-item aux-hover-active aux-iso-item aux-col \">\n            <div class=\"aux-frame-mask-plain \">\n                <a href=\"https:\/\/wpzoomer.com\/thai_sabai\/wp-content\/uploads\/2021\/05\/thai-sabai-cocktail.jpg\" class=\"aux-frame-ratio-inner aux-frame-darken aux-lightbox-btn \" data-elementor-open-lightbox=\"no\" data-original-width=\"1425\" data-original-height=\"950\" data-caption=\"thai-sabai cocktail\">\n                                <div class=\"aux-hover-scale-circle-plus\">\n                        <span class=\"aux-symbol-plus\"><\/span>\n                        <span class=\"aux-symbol-circle\"><\/span>\n                    <\/div>\n                        <img src=\"https:\/\/wpzoomer.com\/thai_sabai\/wp-content\/uploads\/2021\/05\/thai-sabai-cocktail-300x300.jpg\" class=\"aux-attachment aux-featured-image attachment-300x300 aux-attachment-id-793 \" alt=\"thai-sabai cocktail\" srcset=\"https:\/\/wpzoomer.com\/thai_sabai\/wp-content\/uploads\/2021\/05\/thai-sabai-cocktail-380x253.jpg 380w,https:\/\/wpzoomer.com\/thai_sabai\/wp-content\/uploads\/2021\/05\/thai-sabai-cocktail-760x507.jpg 760w,https:\/\/wpzoomer.com\/thai_sabai\/wp-content\/uploads\/2021\/05\/thai-sabai-cocktail-300x300.jpg 300w,https:\/\/wpzoomer.com\/thai_sabai\/wp-content\/uploads\/2021\/05\/thai-sabai-cocktail-1415x1415.jpg 1415w\" data-ratio=\"1\" data-original-w=\"1425\" sizes=\"(max-width:767px) 100vw,(min-width:768px) and (max-width:1025px) 50vw,380px\" \/>                <\/a>\n            <\/div>\n                <\/figure>\n    <figure class=\"gallery-item aux-hover-active aux-iso-item aux-col \">\n            <div class=\"aux-frame-mask-plain \">\n                <a href=\"https:\/\/wpzoomer.com\/thai_sabai\/wp-content\/uploads\/2021\/05\/pexels-rodnae-productions-6645917.jpg\" class=\"aux-frame-ratio-inner aux-frame-darken aux-lightbox-btn \" data-elementor-open-lightbox=\"no\" data-original-width=\"1280\" data-original-height=\"853\" data-caption=\"pexels-rodnae-productions-6645917\">\n                                <div class=\"aux-hover-scale-circle-plus\">\n                        <span class=\"aux-symbol-plus\"><\/span>\n                        <span class=\"aux-symbol-circle\"><\/span>\n                    <\/div>\n                        <img src=\"https:\/\/wpzoomer.com\/thai_sabai\/wp-content\/uploads\/2021\/05\/pexels-rodnae-productions-6645917-300x300.jpg\" class=\"aux-attachment aux-featured-image attachment-300x300 aux-attachment-id-663 \" alt=\"pexels-rodnae-productions-6645917\" srcset=\"https:\/\/wpzoomer.com\/thai_sabai\/wp-content\/uploads\/2021\/05\/pexels-rodnae-productions-6645917-380x253.jpg 380w,https:\/\/wpzoomer.com\/thai_sabai\/wp-content\/uploads\/2021\/05\/pexels-rodnae-productions-6645917-760x506.jpg 760w,https:\/\/wpzoomer.com\/thai_sabai\/wp-content\/uploads\/2021\/05\/pexels-rodnae-productions-6645917-300x300.jpg 300w,https:\/\/wpzoomer.com\/thai_sabai\/wp-content\/uploads\/2021\/05\/pexels-rodnae-productions-6645917-1270x1270.jpg 1270w\" data-ratio=\"1\" data-original-w=\"1280\" sizes=\"(max-width:767px) 100vw,(min-width:768px) and (max-width:1025px) 50vw,380px\" \/>                <\/a>\n            <\/div>\n                <\/figure>\n    <figure class=\"gallery-item aux-hover-active aux-iso-item aux-col \">\n            <div class=\"aux-frame-mask-plain \">\n                <a href=\"https:\/\/wpzoomer.com\/thai_sabai\/wp-content\/uploads\/2021\/05\/pexels-rodnae-productions-6646077.jpg\" class=\"aux-frame-ratio-inner aux-frame-darken aux-lightbox-btn \" data-elementor-open-lightbox=\"no\" data-original-width=\"1280\" data-original-height=\"1920\" data-caption=\"pexels-rodnae-productions-6646077\">\n                                <div class=\"aux-hover-scale-circle-plus\">\n                        <span class=\"aux-symbol-plus\"><\/span>\n                        <span class=\"aux-symbol-circle\"><\/span>\n                    <\/div>\n                        <img src=\"https:\/\/wpzoomer.com\/thai_sabai\/wp-content\/uploads\/2021\/05\/pexels-rodnae-productions-6646077-300x300.jpg\" class=\"aux-attachment aux-featured-image attachment-300x300 aux-attachment-id-662 \" alt=\"pexels-rodnae-productions-6646077\" srcset=\"https:\/\/wpzoomer.com\/thai_sabai\/wp-content\/uploads\/2021\/05\/pexels-rodnae-productions-6646077-380x570.jpg 380w,https:\/\/wpzoomer.com\/thai_sabai\/wp-content\/uploads\/2021\/05\/pexels-rodnae-productions-6646077-760x1140.jpg 760w,https:\/\/wpzoomer.com\/thai_sabai\/wp-content\/uploads\/2021\/05\/pexels-rodnae-productions-6646077-300x300.jpg 300w,https:\/\/wpzoomer.com\/thai_sabai\/wp-content\/uploads\/2021\/05\/pexels-rodnae-productions-6646077-1270x1270.jpg 1270w\" data-ratio=\"1\" data-original-w=\"1280\" sizes=\"(max-width:767px) 100vw,(min-width:768px) and (max-width:1025px) 50vw,380px\" \/>                <\/a>\n            <\/div>\n                <\/figure>\n    <figure class=\"gallery-item aux-hover-active aux-iso-item aux-col \">\n            <div class=\"aux-frame-mask-plain \">\n                <a href=\"https:\/\/wpzoomer.com\/thai_sabai\/wp-content\/uploads\/2021\/05\/pexels-cottonbro-4253131-scaled.jpg\" class=\"aux-frame-ratio-inner aux-frame-darken aux-lightbox-btn \" data-elementor-open-lightbox=\"no\" data-original-width=\"1707\" data-original-height=\"2560\" data-caption=\"pexels-cottonbro-4253131\">\n                                <div class=\"aux-hover-scale-circle-plus\">\n                        <span class=\"aux-symbol-plus\"><\/span>\n                        <span class=\"aux-symbol-circle\"><\/span>\n                    <\/div>\n                        <img src=\"https:\/\/wpzoomer.com\/thai_sabai\/wp-content\/uploads\/2021\/05\/pexels-cottonbro-4253131-300x300.jpg\" class=\"aux-attachment aux-featured-image attachment-300x300 aux-attachment-id-660 \" alt=\"pexels-cottonbro-4253131\" srcset=\"https:\/\/wpzoomer.com\/thai_sabai\/wp-content\/uploads\/2021\/05\/pexels-cottonbro-4253131-scaled-380x570.jpg 380w,https:\/\/wpzoomer.com\/thai_sabai\/wp-content\/uploads\/2021\/05\/pexels-cottonbro-4253131-scaled-760x1140.jpg 760w,https:\/\/wpzoomer.com\/thai_sabai\/wp-content\/uploads\/2021\/05\/pexels-cottonbro-4253131-scaled-1520x2280.jpg 1520w,https:\/\/wpzoomer.com\/thai_sabai\/wp-content\/uploads\/2021\/05\/pexels-cottonbro-4253131-300x300.jpg 300w,https:\/\/wpzoomer.com\/thai_sabai\/wp-content\/uploads\/2021\/05\/pexels-cottonbro-4253131-scaled-1697x1697.jpg 1697w\" data-ratio=\"1\" data-original-w=\"1707\" sizes=\"(max-width:767px) 100vw,(min-width:768px) and (max-width:1025px) 50vw,380px\" \/>                <\/a>\n            <\/div>\n                <\/figure>\n    <figure class=\"gallery-item aux-hover-active aux-iso-item aux-col \">\n            <div class=\"aux-frame-mask-plain \">\n                <a href=\"https:\/\/wpzoomer.com\/thai_sabai\/wp-content\/uploads\/2020\/09\/thai-sabai-Taco-2.jpg\" class=\"aux-frame-ratio-inner aux-frame-darken aux-lightbox-btn \" data-elementor-open-lightbox=\"no\" data-original-width=\"1280\" data-original-height=\"1238\" data-caption=\"thai-sabai-Taco-2\">\n                                <div class=\"aux-hover-scale-circle-plus\">\n                        <span class=\"aux-symbol-plus\"><\/span>\n                        <span class=\"aux-symbol-circle\"><\/span>\n                    <\/div>\n                        <img src=\"https:\/\/wpzoomer.com\/thai_sabai\/wp-content\/uploads\/2020\/09\/thai-sabai-Taco-2-300x300.jpg\" class=\"aux-attachment aux-featured-image attachment-300x300 aux-attachment-id-201 \" alt=\"thai-sabai-Taco-2\" srcset=\"https:\/\/wpzoomer.com\/thai_sabai\/wp-content\/uploads\/2020\/09\/thai-sabai-Taco-2-380x368.jpg 380w,https:\/\/wpzoomer.com\/thai_sabai\/wp-content\/uploads\/2020\/09\/thai-sabai-Taco-2-760x735.jpg 760w,https:\/\/wpzoomer.com\/thai_sabai\/wp-content\/uploads\/2020\/09\/thai-sabai-Taco-2-300x300.jpg 300w,https:\/\/wpzoomer.com\/thai_sabai\/wp-content\/uploads\/2020\/09\/thai-sabai-Taco-2-1270x1270.jpg 1270w\" data-ratio=\"1\" data-original-w=\"1280\" sizes=\"(max-width:767px) 100vw,(min-width:768px) and (max-width:1025px) 50vw,380px\" \/>                <\/a>\n            <\/div>\n                <\/figure>\n    <figure class=\"gallery-item aux-hover-active aux-iso-item aux-col \">\n            <div class=\"aux-frame-mask-plain \">\n                <a href=\"https:\/\/wpzoomer.com\/thai_sabai\/wp-content\/uploads\/2020\/09\/thai-sabai-Poulet-saute-et-noix-de-cajou-2.jpg\" class=\"aux-frame-ratio-inner aux-frame-darken aux-lightbox-btn \" data-elementor-open-lightbox=\"no\" data-original-width=\"1280\" data-original-height=\"1369\" data-caption=\"thai-sabai-Poulet-saute-et-noix-de-cajou-2\">\n                                <div class=\"aux-hover-scale-circle-plus\">\n                        <span class=\"aux-symbol-plus\"><\/span>\n                        <span class=\"aux-symbol-circle\"><\/span>\n                    <\/div>\n                        <img src=\"https:\/\/wpzoomer.com\/thai_sabai\/wp-content\/uploads\/2020\/09\/thai-sabai-Poulet-saute-et-noix-de-cajou-2-300x300.jpg\" class=\"aux-attachment aux-featured-image attachment-300x300 aux-attachment-id-164 \" alt=\"thai-sabai-Poulet-saute-et-noix-de-cajou-2\" srcset=\"https:\/\/wpzoomer.com\/thai_sabai\/wp-content\/uploads\/2020\/09\/thai-sabai-Poulet-saute-et-noix-de-cajou-2-380x406.jpg 380w,https:\/\/wpzoomer.com\/thai_sabai\/wp-content\/uploads\/2020\/09\/thai-sabai-Poulet-saute-et-noix-de-cajou-2-760x813.jpg 760w,https:\/\/wpzoomer.com\/thai_sabai\/wp-content\/uploads\/2020\/09\/thai-sabai-Poulet-saute-et-noix-de-cajou-2-300x300.jpg 300w,https:\/\/wpzoomer.com\/thai_sabai\/wp-content\/uploads\/2020\/09\/thai-sabai-Poulet-saute-et-noix-de-cajou-2-1270x1270.jpg 1270w\" data-ratio=\"1\" data-original-w=\"1280\" sizes=\"(max-width:767px) 100vw,(min-width:768px) and (max-width:1025px) 50vw,380px\" \/>                <\/a>\n            <\/div>\n                <\/figure>\n    <figure class=\"gallery-item aux-hover-active aux-iso-item aux-col \">\n            <div class=\"aux-frame-mask-plain \">\n                <a href=\"https:\/\/wpzoomer.com\/thai_sabai\/wp-content\/uploads\/2020\/09\/thai-sabai-Poulet-citronnelle-2.jpg\" class=\"aux-frame-ratio-inner aux-frame-darken aux-lightbox-btn \" data-elementor-open-lightbox=\"no\" data-original-width=\"1280\" data-original-height=\"1258\" data-caption=\"thai-sabai-Poulet-citronnelle-2\">\n                                <div class=\"aux-hover-scale-circle-plus\">\n                        <span class=\"aux-symbol-plus\"><\/span>\n                        <span class=\"aux-symbol-circle\"><\/span>\n                    <\/div>\n                        <img src=\"https:\/\/wpzoomer.com\/thai_sabai\/wp-content\/uploads\/2020\/09\/thai-sabai-Poulet-citronnelle-2-300x300.jpg\" class=\"aux-attachment aux-featured-image attachment-300x300 aux-attachment-id-163 \" alt=\"thai-sabai-Poulet-citronnelle-2\" srcset=\"https:\/\/wpzoomer.com\/thai_sabai\/wp-content\/uploads\/2020\/09\/thai-sabai-Poulet-citronnelle-2-380x373.jpg 380w,https:\/\/wpzoomer.com\/thai_sabai\/wp-content\/uploads\/2020\/09\/thai-sabai-Poulet-citronnelle-2-760x747.jpg 760w,https:\/\/wpzoomer.com\/thai_sabai\/wp-content\/uploads\/2020\/09\/thai-sabai-Poulet-citronnelle-2-300x300.jpg 300w,https:\/\/wpzoomer.com\/thai_sabai\/wp-content\/uploads\/2020\/09\/thai-sabai-Poulet-citronnelle-2-1270x1270.jpg 1270w\" data-ratio=\"1\" data-original-w=\"1280\" sizes=\"(max-width:767px) 100vw,(min-width:768px) and (max-width:1025px) 50vw,380px\" \/>                <\/a>\n            <\/div>\n                <\/figure>\n    <figure class=\"gallery-item aux-hover-active aux-iso-item aux-col \">\n            <div class=\"aux-frame-mask-plain \">\n                <a href=\"https:\/\/wpzoomer.com\/thai_sabai\/wp-content\/uploads\/2020\/09\/thai-sabai-Pad-khee-mao-2.jpg\" class=\"aux-frame-ratio-inner aux-frame-darken aux-lightbox-btn \" data-elementor-open-lightbox=\"no\" data-original-width=\"1280\" data-original-height=\"1189\" data-caption=\"thai-sabai-Pad-khee-mao-2\">\n                                <div class=\"aux-hover-scale-circle-plus\">\n                        <span class=\"aux-symbol-plus\"><\/span>\n                        <span class=\"aux-symbol-circle\"><\/span>\n                    <\/div>\n                        <img src=\"https:\/\/wpzoomer.com\/thai_sabai\/wp-content\/uploads\/2020\/09\/thai-sabai-Pad-khee-mao-2-300x300.jpg\" class=\"aux-attachment aux-featured-image attachment-300x300 aux-attachment-id-162 \" alt=\"thai-sabai-Pad-khee-mao-2\" srcset=\"https:\/\/wpzoomer.com\/thai_sabai\/wp-content\/uploads\/2020\/09\/thai-sabai-Pad-khee-mao-2-380x353.jpg 380w,https:\/\/wpzoomer.com\/thai_sabai\/wp-content\/uploads\/2020\/09\/thai-sabai-Pad-khee-mao-2-760x706.jpg 760w,https:\/\/wpzoomer.com\/thai_sabai\/wp-content\/uploads\/2020\/09\/thai-sabai-Pad-khee-mao-2-300x300.jpg 300w,https:\/\/wpzoomer.com\/thai_sabai\/wp-content\/uploads\/2020\/09\/thai-sabai-Pad-khee-mao-2-1270x1270.jpg 1270w\" data-ratio=\"1\" data-original-w=\"1280\" sizes=\"(max-width:767px) 100vw,(min-width:768px) and (max-width:1025px) 50vw,380px\" \/>                <\/a>\n            <\/div>\n                <\/figure>\n    <figure class=\"gallery-item aux-hover-active aux-iso-item aux-col \">\n            <div class=\"aux-frame-mask-plain \">\n                <a href=\"https:\/\/wpzoomer.com\/thai_sabai\/wp-content\/uploads\/2020\/09\/pexels-neosiam-618491.jpg\" class=\"aux-frame-ratio-inner aux-frame-darken aux-lightbox-btn \" data-elementor-open-lightbox=\"no\" data-original-width=\"2048\" data-original-height=\"1318\" data-caption=\"pexels-neosiam-618491\">\n                                <div class=\"aux-hover-scale-circle-plus\">\n                        <span class=\"aux-symbol-plus\"><\/span>\n                        <span class=\"aux-symbol-circle\"><\/span>\n                    <\/div>\n                        <img src=\"https:\/\/wpzoomer.com\/thai_sabai\/wp-content\/uploads\/2020\/09\/pexels-neosiam-618491-300x300.jpg\" class=\"aux-attachment aux-featured-image attachment-300x300 aux-attachment-id-266 \" alt=\"pexels-neosiam-618491\" srcset=\"https:\/\/wpzoomer.com\/thai_sabai\/wp-content\/uploads\/2020\/09\/pexels-neosiam-618491-380x245.jpg 380w,https:\/\/wpzoomer.com\/thai_sabai\/wp-content\/uploads\/2020\/09\/pexels-neosiam-618491-760x489.jpg 760w,https:\/\/wpzoomer.com\/thai_sabai\/wp-content\/uploads\/2020\/09\/pexels-neosiam-618491-1520x978.jpg 1520w,https:\/\/wpzoomer.com\/thai_sabai\/wp-content\/uploads\/2020\/09\/pexels-neosiam-618491-300x300.jpg 300w,https:\/\/wpzoomer.com\/thai_sabai\/wp-content\/uploads\/2020\/09\/pexels-neosiam-618491-2038x2038.jpg 2038w\" data-ratio=\"1\" data-original-w=\"2048\" sizes=\"(max-width:767px) 100vw,(min-width:768px) and (max-width:1025px) 50vw,380px\" \/>                <\/a>\n            <\/div>\n                <\/figure>\n<\/div><\/div><\/section><!-- widget-container --><style>.aux-parent-aud37bbb16 .aux-frame-ratio { padding-bottom:0% }<\/style>\t\t<\/div>\n\t\t\t\t<\/div>\n\t\t\t\t\t\t<\/div>\n\t\t\t\t\t<\/div>\n\t\t<\/div>\n\t\t\t\t\t\t\t\t<\/div>\n\t\t\t\t\t<\/div>\n\t\t<\/section>\n\t\t\t\t\t\t<\/div>\n\t\t\t\t\t\t<\/div>\n\t\t\t\t\t<\/div>\n\t\t","protected":false},"excerpt":{"rendered":"<p>D\u00e9couvrez notre restaurant THA\u00cfSABA\u00cf en Photos<\/p>\n","protected":false},"author":1,"featured_media":0,"parent":0,"menu_order":0,"comment_status":"closed","ping_status":"closed","template":"","meta":[],"_links":{"self":[{"href":"https:\/\/wpzoomer.com\/thai_sabai\/wp-json\/wp\/v2\/pages\/864"}],"collection":[{"href":"https:\/\/wpzoomer.com\/thai_sabai\/wp-json\/wp\/v2\/pages"}],"about":[{"href":"https:\/\/wpzoomer.com\/thai_sabai\/wp-json\/wp\/v2\/types\/page"}],"author":[{"embeddable":true,"href":"https:\/\/wpzoomer.com\/thai_sabai\/wp-json\/wp\/v2\/users\/1"}],"replies":[{"embeddable":true,"href":"https:\/\/wpzoomer.com\/thai_sabai\/wp-json\/wp\/v2\/comments?post=864"}],"version-history":[{"count":23,"href":"https:\/\/wpzoomer.com\/thai_sabai\/wp-json\/wp\/v2\/pages\/864\/revisions"}],"predecessor-version":[{"id":892,"href":"https:\/\/wpzoomer.com\/thai_sabai\/wp-json\/wp\/v2\/pages\/864\/revisions\/892"}],"wp:attachment":[{"href":"https:\/\/wpzoomer.com\/thai_sabai\/wp-json\/wp\/v2\/media?parent=864"}],"curies":[{"name":"wp","href":"https:\/\/api.w.org\/{rel}","templated":true}]}}