{"id":1191,"date":"2021-06-23T17:30:20","date_gmt":"2021-06-23T16:30:20","guid":{"rendered":"https:\/\/wpzoomer.com\/thai_sabai\/?page_id=1191"},"modified":"2021-07-01T12:16:11","modified_gmt":"2021-07-01T11:16:11","slug":"privatisation-2","status":"publish","type":"page","link":"https:\/\/wpzoomer.com\/thai_sabai\/privatisation-2\/","title":{"rendered":"PRIVATISATION"},"content":{"rendered":"\t\t<div data-elementor-type=\"wp-post\" data-elementor-id=\"1191\" class=\"elementor elementor-1191\" data-elementor-settings=\"[]\">\n\t\t\t\t\t\t<div class=\"elementor-inner\">\n\t\t\t\t\t\t\t<div class=\"elementor-section-wrap\">\n\t\t\t\t\t\t\t<section class=\"elementor-section elementor-top-section elementor-element elementor-element-528b9a1 elementor-section-boxed elementor-section-height-default elementor-section-height-default\" data-id=\"528b9a1\" data-element_type=\"section\" data-settings=\"{&quot;background_background&quot;:&quot;classic&quot;}\">\n\t\t\t\t\t\t\t<div class=\"elementor-background-overlay\"><\/div>\n\t\t\t\t\t\t\t<div class=\"elementor-container elementor-column-gap-no\">\n\t\t\t\t\t\t\t<div class=\"elementor-row\">\n\t\t\t\t\t<div class=\"aux-parallax-section elementor-column elementor-col-50 elementor-top-column elementor-element elementor-element-49f9b4b\" data-id=\"49f9b4b\" data-element_type=\"column\">\n\t\t\t<div class=\"elementor-column-wrap elementor-element-populated\">\n\t\t\t\t\t\t\t<div class=\"elementor-widget-wrap\">\n\t\t\t\t\t\t<div class=\"elementor-element elementor-element-11fedc1 aux-appear-watch-animation aux-fade-in-right elementor-widget elementor-widget-aux_modern_heading\" data-id=\"11fedc1\" data-element_type=\"widget\" data-widget_type=\"aux_modern_heading.default\">\n\t\t\t\t<div class=\"elementor-widget-container\">\n\t\t\t<section class=\"aux-widget-modern-heading\">\n            <div class=\"aux-widget-inner\"><div class=\"aux-modern-heading-divider\"><\/div><h2 class=\"aux-modern-heading-primary\">Privatisation \n<\/h2><\/div>\n        <\/section>\t\t<\/div>\n\t\t\t\t<\/div>\n\t\t\t\t\t\t<\/div>\n\t\t\t\t\t<\/div>\n\t\t<\/div>\n\t\t\t\t<div class=\"aux-parallax-section elementor-column elementor-col-50 elementor-top-column elementor-element elementor-element-336f9cd\" data-id=\"336f9cd\" data-element_type=\"column\">\n\t\t\t<div class=\"elementor-column-wrap\">\n\t\t\t\t\t\t\t<div class=\"elementor-widget-wrap\">\n\t\t\t\t\t\t\t\t<\/div>\n\t\t\t\t\t<\/div>\n\t\t<\/div>\n\t\t\t\t\t\t\t\t<\/div>\n\t\t\t\t\t<\/div>\n\t\t<\/section>\n\t\t\t\t<section class=\"elementor-section elementor-top-section elementor-element elementor-element-27d8271 elementor-section-boxed elementor-section-height-default elementor-section-height-default\" data-id=\"27d8271\" data-element_type=\"section\">\n\t\t\t\t\t\t<div class=\"elementor-container elementor-column-gap-no\">\n\t\t\t\t\t\t\t<div class=\"elementor-row\">\n\t\t\t\t\t<div class=\"aux-parallax-section elementor-column elementor-col-50 elementor-top-column elementor-element elementor-element-ba85b79\" data-id=\"ba85b79\" data-element_type=\"column\">\n\t\t\t<div class=\"elementor-column-wrap elementor-element-populated\">\n\t\t\t\t\t\t\t<div class=\"elementor-widget-wrap\">\n\t\t\t\t\t\t<div class=\"elementor-element elementor-element-9ad42c0 aux-appear-watch-animation aux-scale-down elementor-widget elementor-widget-aux_image\" data-id=\"9ad42c0\" data-element_type=\"widget\" data-widget_type=\"aux_image.default\">\n\t\t\t\t<div class=\"elementor-widget-container\">\n\t\t\t<section class=\"widget-container aux-widget-image aux-alignnone aux-parent-au98d3d33a\" style=\"\" >\n    <div class=\"aux-media-hint-frame \">\n        <div class=\"aux-media-image \" >\n        \n            \n\n            \n            <img loading=\"lazy\" width=\"784\" height=\"684\" src=\"data:image\/gif;base64,R0lGODlhAQABAIAAAAAAAP\/\/\/yH5BAEAAAAALAAAAAABAAEAAAIBRAA7\" class=\"aux-attachment aux-featured-image aux-attachment-id-1265 aux-preload aux-blank\" alt=\"thai-sabai rest\" data-ratio=\"1.15\" data-original-w=\"2560\" sizes=\"auto\" data-srcset=\"https:\/\/wpzoomer.com\/thai_sabai\/wp-content\/uploads\/2021\/07\/thai-sabai-rest-scaled-150x131.jpg 150w,https:\/\/wpzoomer.com\/thai_sabai\/wp-content\/uploads\/2021\/07\/thai-sabai-rest-scaled-300x262.jpg 300w,https:\/\/wpzoomer.com\/thai_sabai\/wp-content\/uploads\/2021\/07\/thai-sabai-rest-scaled-768x670.jpg 768w,https:\/\/wpzoomer.com\/thai_sabai\/wp-content\/uploads\/2021\/07\/thai-sabai-rest-scaled-1024x893.jpg 1024w,https:\/\/wpzoomer.com\/thai_sabai\/wp-content\/uploads\/2021\/07\/thai-sabai-rest-scaled-784x684.jpg 784w\" data-src=\"https:\/\/wpzoomer.com\/thai_sabai\/wp-content\/uploads\/2021\/07\/thai-sabai-rest-scaled-784x684.jpg\" \/>            \n                <\/div>\n    <\/div>\n\n<\/section><!-- widget-container -->\t\t<\/div>\n\t\t\t\t<\/div>\n\t\t\t\t\t\t<\/div>\n\t\t\t\t\t<\/div>\n\t\t<\/div>\n\t\t\t\t<div class=\"aux-parallax-section elementor-column elementor-col-50 elementor-top-column elementor-element elementor-element-812f034\" data-id=\"812f034\" data-element_type=\"column\">\n\t\t\t<div class=\"elementor-column-wrap elementor-element-populated\">\n\t\t\t\t\t\t\t<div class=\"elementor-widget-wrap\">\n\t\t\t\t\t\t<div class=\"elementor-element elementor-element-0e461c2 aux-appear-watch-animation aux-fade-in-up elementor-widget elementor-widget-aux_modern_heading\" data-id=\"0e461c2\" data-element_type=\"widget\" data-widget_type=\"aux_modern_heading.default\">\n\t\t\t\t<div class=\"elementor-widget-container\">\n\t\t\t<section class=\"aux-widget-modern-heading\">\n            <div class=\"aux-widget-inner\"><h2 class=\"aux-modern-heading-primary\">Un lieu id\u00e9al pour votre Soir\u00e9e entre amis\n<\/h2><h3 class=\"aux-modern-heading-secondary\"><span class=\"aux-head-before\">Privatisation - Anniversaire - Ev\u00e9nement Sp\u00e9cial \u00e0 f\u00eater<\/span><\/h3><div class=\"aux-modern-heading-divider\"><\/div><div class=\"aux-modern-heading-description\"><p>Anniversaire\u00a0<br \/>Enterrement de vie de jeune homme\/jeune fille\u00a0<br \/>Brunch le dimanche<br \/>F\u00eate familiale ou religieuse<\/p><p>Sur devis uniquement.<\/p><p>Pour toutes demandes d'informations compl\u00e9mentaires<br \/>ou r\u00e9servation, vous pouvez nous contacter<\/p><\/div><\/div>\n        <\/section>\t\t<\/div>\n\t\t\t\t<\/div>\n\t\t\t\t<div class=\"elementor-element elementor-element-c4f09a9 aux-appear-watch-animation aux-fade-in-up-1 elementor-widget elementor-widget-aux_image\" data-id=\"c4f09a9\" data-element_type=\"widget\" data-widget_type=\"aux_image.default\">\n\t\t\t\t<div class=\"elementor-widget-container\">\n\t\t\t<section class=\"widget-container aux-widget-image aux-alignnone aux-parent-audb382505\" style=\"\" >\n    <div class=\"aux-media-hint-frame \">\n        <div class=\"aux-media-image \" >\n        \n            \n\n            \n            <img loading=\"lazy\" width=\"940\" height=\"265\" src=\"https:\/\/wpzoomer.com\/thai_sabai\/wp-content\/uploads\/2021\/05\/THAI-SABAI_logo1-removebg.png\" class=\"aux-attachment aux-featured-image aux-attachment-id-635\" alt=\"THAI-SABAI_logo1-removebg\" data-ratio=\"3.55\" data-original-w=\"940\" \/>            \n                <\/div>\n    <\/div>\n\n<\/section><!-- widget-container -->\t\t<\/div>\n\t\t\t\t<\/div>\n\t\t\t\t\t\t<\/div>\n\t\t\t\t\t<\/div>\n\t\t<\/div>\n\t\t\t\t\t\t\t\t<\/div>\n\t\t\t\t\t<\/div>\n\t\t<\/section>\n\t\t\t\t\t\t<\/div>\n\t\t\t\t\t\t<\/div>\n\t\t\t\t\t<\/div>\n\t\t","protected":false},"excerpt":{"rendered":"<p>Privatisation Un lieu id\u00e9al pour votre Soir\u00e9e entre amis Privatisation &#8211; Anniversaire &#8211; Ev\u00e9nement Sp\u00e9cial \u00e0 f\u00eater Anniversaire\u00a0Enterrement de vie de jeune homme\/jeune fille\u00a0Brunch le dimancheF\u00eate familiale ou religieuse Sur devis uniquement. Pour toutes demandes d&#8217;informations compl\u00e9mentairesou r\u00e9servation, vous pouvez nous contacter<\/p>\n","protected":false},"author":1,"featured_media":0,"parent":0,"menu_order":0,"comment_status":"closed","ping_status":"closed","template":"templates\/page-builder-content.php","meta":[],"_links":{"self":[{"href":"https:\/\/wpzoomer.com\/thai_sabai\/wp-json\/wp\/v2\/pages\/1191"}],"collection":[{"href":"https:\/\/wpzoomer.com\/thai_sabai\/wp-json\/wp\/v2\/pages"}],"about":[{"href":"https:\/\/wpzoomer.com\/thai_sabai\/wp-json\/wp\/v2\/types\/page"}],"author":[{"embeddable":true,"href":"https:\/\/wpzoomer.com\/thai_sabai\/wp-json\/wp\/v2\/users\/1"}],"replies":[{"embeddable":true,"href":"https:\/\/wpzoomer.com\/thai_sabai\/wp-json\/wp\/v2\/comments?post=1191"}],"version-history":[{"count":25,"href":"https:\/\/wpzoomer.com\/thai_sabai\/wp-json\/wp\/v2\/pages\/1191\/revisions"}],"predecessor-version":[{"id":1269,"href":"https:\/\/wpzoomer.com\/thai_sabai\/wp-json\/wp\/v2\/pages\/1191\/revisions\/1269"}],"wp:attachment":[{"href":"https:\/\/wpzoomer.com\/thai_sabai\/wp-json\/wp\/v2\/media?parent=1191"}],"curies":[{"name":"wp","href":"https:\/\/api.w.org\/{rel}","templated":true}]}}