{"id":1180,"date":"2021-06-23T17:24:03","date_gmt":"2021-06-23T16:24:03","guid":{"rendered":"https:\/\/wpzoomer.com\/thai_sabai\/?page_id=1180"},"modified":"2021-07-29T16:27:43","modified_gmt":"2021-07-29T15:27:43","slug":"ateliers-cuisine","status":"publish","type":"page","link":"https:\/\/wpzoomer.com\/thai_sabai\/ateliers-cuisine\/","title":{"rendered":"ATELIERS CUISINE"},"content":{"rendered":"\t\t<div data-elementor-type=\"wp-post\" data-elementor-id=\"1180\" class=\"elementor elementor-1180\" data-elementor-settings=\"[]\">\n\t\t\t\t\t\t<div class=\"elementor-inner\">\n\t\t\t\t\t\t\t<div class=\"elementor-section-wrap\">\n\t\t\t\t\t\t\t<section class=\"elementor-section elementor-top-section elementor-element elementor-element-528b9a1 elementor-section-boxed elementor-section-height-default elementor-section-height-default\" data-id=\"528b9a1\" data-element_type=\"section\" data-settings=\"{&quot;background_background&quot;:&quot;classic&quot;}\">\n\t\t\t\t\t\t\t<div class=\"elementor-background-overlay\"><\/div>\n\t\t\t\t\t\t\t<div class=\"elementor-container elementor-column-gap-no\">\n\t\t\t\t\t\t\t<div class=\"elementor-row\">\n\t\t\t\t\t<div class=\"aux-parallax-section elementor-column elementor-col-50 elementor-top-column elementor-element elementor-element-49f9b4b\" data-id=\"49f9b4b\" data-element_type=\"column\">\n\t\t\t<div class=\"elementor-column-wrap elementor-element-populated\">\n\t\t\t\t\t\t\t<div class=\"elementor-widget-wrap\">\n\t\t\t\t\t\t<div class=\"elementor-element elementor-element-11fedc1 aux-appear-watch-animation aux-fade-in-right elementor-widget elementor-widget-aux_modern_heading\" data-id=\"11fedc1\" data-element_type=\"widget\" data-widget_type=\"aux_modern_heading.default\">\n\t\t\t\t<div class=\"elementor-widget-container\">\n\t\t\t<section class=\"aux-widget-modern-heading\">\n            <div class=\"aux-widget-inner\"><div class=\"aux-modern-heading-divider\"><\/div><h2 class=\"aux-modern-heading-primary\">ATELIERS CUISINE\n<\/h2><\/div>\n        <\/section>\t\t<\/div>\n\t\t\t\t<\/div>\n\t\t\t\t\t\t<\/div>\n\t\t\t\t\t<\/div>\n\t\t<\/div>\n\t\t\t\t<div class=\"aux-parallax-section elementor-column elementor-col-50 elementor-top-column elementor-element elementor-element-336f9cd\" data-id=\"336f9cd\" data-element_type=\"column\">\n\t\t\t<div class=\"elementor-column-wrap\">\n\t\t\t\t\t\t\t<div class=\"elementor-widget-wrap\">\n\t\t\t\t\t\t\t\t<\/div>\n\t\t\t\t\t<\/div>\n\t\t<\/div>\n\t\t\t\t\t\t\t\t<\/div>\n\t\t\t\t\t<\/div>\n\t\t<\/section>\n\t\t\t\t<section class=\"elementor-section elementor-top-section elementor-element elementor-element-7d0f2f1 aux-appear-watch-animation aux-fade-in-up elementor-section-boxed elementor-section-height-default elementor-section-height-default\" data-id=\"7d0f2f1\" data-element_type=\"section\" data-settings=\"{&quot;background_background&quot;:&quot;classic&quot;}\">\n\t\t\t\t\t\t\t<div class=\"elementor-background-overlay\"><\/div>\n\t\t\t\t\t\t\t<div class=\"elementor-container elementor-column-gap-default\">\n\t\t\t\t\t\t\t<div class=\"elementor-row\">\n\t\t\t\t\t<div class=\"aux-parallax-section elementor-column elementor-col-100 elementor-top-column elementor-element elementor-element-618bd65\" data-id=\"618bd65\" data-element_type=\"column\">\n\t\t\t<div class=\"elementor-column-wrap elementor-element-populated\">\n\t\t\t\t\t\t\t<div class=\"elementor-widget-wrap\">\n\t\t\t\t\t\t<section class=\"elementor-section elementor-inner-section elementor-element elementor-element-a265b57 elementor-section-boxed elementor-section-height-default elementor-section-height-default\" data-id=\"a265b57\" data-element_type=\"section\" data-settings=\"{&quot;background_background&quot;:&quot;classic&quot;}\">\n\t\t\t\t\t\t\t<div class=\"elementor-background-overlay\"><\/div>\n\t\t\t\t\t\t\t<div class=\"elementor-container elementor-column-gap-default\">\n\t\t\t\t\t\t\t<div class=\"elementor-row\">\n\t\t\t\t\t<div class=\"aux-parallax-section elementor-column elementor-col-50 elementor-inner-column elementor-element elementor-element-7c782b7\" data-id=\"7c782b7\" data-element_type=\"column\">\n\t\t\t<div class=\"elementor-column-wrap elementor-element-populated\">\n\t\t\t\t\t\t\t<div class=\"elementor-widget-wrap\">\n\t\t\t\t\t\t<div class=\"elementor-element elementor-element-7102db5 aux-appear-watch-animation aux-fade-in-up elementor-widget elementor-widget-aux_modern_heading\" data-id=\"7102db5\" data-element_type=\"widget\" data-widget_type=\"aux_modern_heading.default\">\n\t\t\t\t<div class=\"elementor-widget-container\">\n\t\t\t<section class=\"aux-widget-modern-heading\">\n            <div class=\"aux-widget-inner\"><h2 class=\"aux-modern-heading-primary\">Atelier de cuisine Thai<\/h2><h3 class=\"aux-modern-heading-secondary\"><span class=\"aux-head-before\">THAI SABAI  donne des cours de cuisine asiatique <\/span><\/h3><div class=\"aux-modern-heading-divider\"><\/div><div class=\"aux-modern-heading-description\"><p>THAI SABAI donne des cours de cuisine asiatique visant \u00e0 simplifier les bases de cette gastronomie riche en saveurs! Un atelier vous permet d'apprendre \u00e0 concocter des recettes, en plus de les d\u00e9guster et de repartir avec un festin \u00e0 la maison!<\/p><p>Vous pouvez suivre un cours en choisissant les recettes parmi notre s\u00e9lection des mets les plus populaires. Ou vous vous laissez guider dans nos cours de cuisine th\u00e9matiques sur l'Asie du Sud-Est. Ceux-ci vous feront d\u00e9couvrir des mets plus typiques de la Tha\u00eflande et du Laos.<\/p><p><strong>Il vous suffit de former un groupe de 2 \u00e0 8 personnes et de r\u00e9server la date de l'atelier parmi nos disponibilit\u00e9s.<\/strong><\/p><\/div><\/div>\n        <\/section>\t\t<\/div>\n\t\t\t\t<\/div>\n\t\t\t\t<div class=\"elementor-element elementor-element-1ecb0e2 aux-appear-watch-animation aux-fade-in-up elementor-widget elementor-widget-aux_button\" data-id=\"1ecb0e2\" data-element_type=\"widget\" data-widget_type=\"aux_button.default\">\n\t\t\t\t<div class=\"elementor-widget-container\">\n\t\t\t<button   class=\"aux-button aux-medium aux-black aux-none aux-outline aux-uppercase\" ><span class=\"aux-overlay\"><\/span><span class=\"aux-text\">PROGRAMME<\/span><\/button>\t\t<\/div>\n\t\t\t\t<\/div>\n\t\t\t\t\t\t<\/div>\n\t\t\t\t\t<\/div>\n\t\t<\/div>\n\t\t\t\t<div class=\"aux-parallax-section elementor-column elementor-col-50 elementor-inner-column elementor-element elementor-element-f64bb73\" data-id=\"f64bb73\" data-element_type=\"column\">\n\t\t\t<div class=\"elementor-column-wrap elementor-element-populated\">\n\t\t\t\t\t\t\t<div class=\"elementor-widget-wrap\">\n\t\t\t\t\t\t<div class=\"elementor-element elementor-element-9a310ce aux-appear-watch-animation aux-scale-down elementor-widget elementor-widget-image\" data-id=\"9a310ce\" data-element_type=\"widget\" data-widget_type=\"image.default\">\n\t\t\t\t<div class=\"elementor-widget-container\">\n\t\t\t\t\t\t\t\t<div class=\"elementor-image\">\n\t\t\t\t\t\t\t\t\t\t\t\t<img width=\"800\" height=\"600\" src=\"https:\/\/wpzoomer.com\/thai_sabai\/wp-content\/uploads\/2021\/07\/index_foodshot_asian_chef_prepares_thai_dish_800x600_rgb_-1920w.jpg\" class=\"attachment-full size-full\" alt=\"\" loading=\"lazy\" \/>\t\t\t\t\t\t\t\t\t\t\t\t\t\t<\/div>\n\t\t\t\t\t\t<\/div>\n\t\t\t\t<\/div>\n\t\t\t\t\t\t<\/div>\n\t\t\t\t\t<\/div>\n\t\t<\/div>\n\t\t\t\t\t\t\t\t<\/div>\n\t\t\t\t\t<\/div>\n\t\t<\/section>\n\t\t\t\t\t\t<\/div>\n\t\t\t\t\t<\/div>\n\t\t<\/div>\n\t\t\t\t\t\t\t\t<\/div>\n\t\t\t\t\t<\/div>\n\t\t<\/section>\n\t\t\t\t<section class=\"elementor-section elementor-top-section elementor-element elementor-element-54476c1 elementor-section-boxed elementor-section-height-default elementor-section-height-default\" data-id=\"54476c1\" data-element_type=\"section\">\n\t\t\t\t\t\t<div class=\"elementor-container elementor-column-gap-no\">\n\t\t\t\t\t\t\t<div class=\"elementor-row\">\n\t\t\t\t\t<div class=\"aux-parallax-section elementor-column elementor-col-100 elementor-top-column elementor-element elementor-element-8721ab7\" data-id=\"8721ab7\" data-element_type=\"column\">\n\t\t\t<div class=\"elementor-column-wrap elementor-element-populated\">\n\t\t\t\t\t\t\t<div class=\"elementor-widget-wrap\">\n\t\t\t\t\t\t<div class=\"elementor-element elementor-element-4140e12 aux-appear-watch-animation aux-fade-in-up elementor-widget elementor-widget-aux_modern_heading\" data-id=\"4140e12\" data-element_type=\"widget\" data-widget_type=\"aux_modern_heading.default\">\n\t\t\t\t<div class=\"elementor-widget-container\">\n\t\t\t<section class=\"aux-widget-modern-heading\">\n            <div class=\"aux-widget-inner\"><h2 class=\"aux-modern-heading-primary\">inscription<\/h2><h3 class=\"aux-modern-heading-secondary\"><span class=\"aux-head-before\">Pour vous inscrire \u00e0 un atelier th\u00e9matique, vous avez deux options : <\/span><\/h3><div class=\"aux-modern-heading-description\"><div id=\"I1fe0b8b152da4d11acf79cca3a30459a\" class=\"Text_2_Default\"><div id=\"I1fe0b8b152da4d11acf79cca3a30459a_sys_txt\" class=\"sys_txt sys_text_widget new-text-widget\"><p>1)\u00a0<strong>Vous formez un\u00a0groupe de 2 \u00e0 8 personnes<\/strong> et vous r\u00e9servez par t\u00e9l\u00e9phone des disponibilit\u00e9s. Vous n'avez qu'\u00e0 faire un choix entre nos\u00a0 ateliers th\u00e9matiques, qui comprennent chacun leurs recettes respectives. Pour compl\u00e9ter une r\u00e9servation, nous demandons le versement d'un d\u00e9p\u00f4t de garantie, qui \u00e9quivaut au paiement d'une personne de votre groupe. Ce d\u00e9p\u00f4t est non remboursable ni monnayable.<\/p><p>2)\u00a0<strong>Vous vous joignez \u00e0 d'autres curieux de la cuisine lors d'un cours organis\u00e9 par l'\u00e9quipe de Thaisabai<\/strong>. Vous devez r\u00e9server votre place\u00a0<a href=\"https:\/\/wpzoomer.com\/thai_sabai\/contact-us\/\">par t\u00e9l\u00e9phone<\/a> ou via nos r\u00e9seaux sociaux et payer le cours au moment de la r\u00e9servation. \u00c0 noter que nous organisons seulement un cours par saison avec la formule o\u00f9 nous jumelons des participants.<\/p><\/div><\/div><div id=\"I85ae48f22225467e9c4fc73ef5caccd4\" class=\"Text_2_Default\"><div id=\"I85ae48f22225467e9c4fc73ef5caccd4_sys_txt\" class=\"sys_txt sys_text_widget new-text-widget\"><h4>tarifs<\/h4><\/div><\/div><div id=\"Ib2b55188598e4839b18d45528d3d250e\" class=\"Text_2_Default\"><div id=\"Ib2b55188598e4839b18d45528d3d250e_sys_txt\" class=\"sys_txt sys_text_widget new-text-widget\"><p>Groupe de <strong>4 \u00e0 6 personnes<\/strong> max:\u00a0 30\u20ac par participant.<\/p><h4>Fonctionnement<\/h4><\/div><\/div><div id=\"Ief596157932c4042b4a24889a1d2b7b4\" class=\"Text_2_Default\"><div id=\"Ief596157932c4042b4a24889a1d2b7b4_sys_txt\" class=\"sys_txt sys_text_widget new-text-widget\"><p>La formation comprend une d\u00e9monstration pour chaque mets et vous pratiquez les techniques enseign\u00e9es en reproduisant les recettes.<br \/>En plus des plats de d\u00e9gustation qui vous sont servis tout au long de la formation, vous ramenez \u00e0 la maison de g\u00e9n\u00e9reuses portions des recettes concoct\u00e9es.<\/p><\/div><\/div><\/div><\/div>\n        <\/section>\t\t<\/div>\n\t\t\t\t<\/div>\n\t\t\t\t<div class=\"elementor-element elementor-element-b5bfcd9 elementor-widget elementor-widget-aux_modern_heading\" data-id=\"b5bfcd9\" data-element_type=\"widget\" data-widget_type=\"aux_modern_heading.default\">\n\t\t\t\t<div class=\"elementor-widget-container\">\n\t\t\t<section class=\"aux-widget-modern-heading\">\n            <div class=\"aux-widget-inner\"><h2 class=\"aux-modern-heading-primary\"><\/h2><h3 class=\"aux-modern-heading-secondary\"><span class=\"aux-head-before\">Vous devez r\u00e9server votre place\u00a0par t\u00e9l\u00e9phone ou via nos r\u00e9seaux sociaux<\/span><\/h3><\/div>\n        <\/section>\t\t<\/div>\n\t\t\t\t<\/div>\n\t\t\t\t\t\t<\/div>\n\t\t\t\t\t<\/div>\n\t\t<\/div>\n\t\t\t\t\t\t\t\t<\/div>\n\t\t\t\t\t<\/div>\n\t\t<\/section>\n\t\t\t\t\t\t<\/div>\n\t\t\t\t\t\t<\/div>\n\t\t\t\t\t<\/div>\n\t\t","protected":false},"excerpt":{"rendered":"<p>ATELIERS CUISINE Atelier de cuisine Thai THAI SABAI donne des cours de cuisine asiatique THAI SABAI donne des cours de cuisine asiatique visant \u00e0 simplifier les bases de cette gastronomie riche en saveurs! Un atelier vous permet d&#8217;apprendre \u00e0 concocter des recettes, en plus de les d\u00e9guster et de repartir avec un festin \u00e0 la [&hellip;]<\/p>\n","protected":false},"author":1,"featured_media":0,"parent":0,"menu_order":0,"comment_status":"closed","ping_status":"closed","template":"templates\/page-builder-content.php","meta":[],"_links":{"self":[{"href":"https:\/\/wpzoomer.com\/thai_sabai\/wp-json\/wp\/v2\/pages\/1180"}],"collection":[{"href":"https:\/\/wpzoomer.com\/thai_sabai\/wp-json\/wp\/v2\/pages"}],"about":[{"href":"https:\/\/wpzoomer.com\/thai_sabai\/wp-json\/wp\/v2\/types\/page"}],"author":[{"embeddable":true,"href":"https:\/\/wpzoomer.com\/thai_sabai\/wp-json\/wp\/v2\/users\/1"}],"replies":[{"embeddable":true,"href":"https:\/\/wpzoomer.com\/thai_sabai\/wp-json\/wp\/v2\/comments?post=1180"}],"version-history":[{"count":58,"href":"https:\/\/wpzoomer.com\/thai_sabai\/wp-json\/wp\/v2\/pages\/1180\/revisions"}],"predecessor-version":[{"id":1551,"href":"https:\/\/wpzoomer.com\/thai_sabai\/wp-json\/wp\/v2\/pages\/1180\/revisions\/1551"}],"wp:attachment":[{"href":"https:\/\/wpzoomer.com\/thai_sabai\/wp-json\/wp\/v2\/media?parent=1180"}],"curies":[{"name":"wp","href":"https:\/\/api.w.org\/{rel}","templated":true}]}}